{"id":1010,"date":"2024-07-10T08:25:38","date_gmt":"2024-07-10T08:25:38","guid":{"rendered":"https:\/\/buildingmaintenance.co.mz\/about-2\/"},"modified":"2025-10-22T13:00:41","modified_gmt":"2025-10-22T13:00:41","slug":"about-2","status":"publish","type":"page","link":"https:\/\/buildingmaintenance.co.mz\/en\/about-2\/","title":{"rendered":"About"},"content":{"rendered":"<div data-elementor-type=\"wp-page\" data-elementor-id=\"1010\" class=\"elementor elementor-1010\">\n\t\t\t\t<div class=\"elementor-element elementor-element-7dbd5a2 e-flex e-con-boxed e-con e-parent\" data-id=\"7dbd5a2\" data-element_type=\"container\" data-settings=\"{&quot;background_background&quot;:&quot;classic&quot;}\">\n\t\t\t\t\t<div class=\"e-con-inner\">\n\t\t\t\t<div class=\"elementor-element elementor-element-6aa71ae elementor-widget elementor-widget-heading\" data-id=\"6aa71ae\" data-element_type=\"widget\" data-widget_type=\"heading.default\">\n\t\t\t\t<div class=\"elementor-widget-container\">\n\t\t\t<style>\/*! elementor - v3.23.0 - 25-07-2024 *\/\n.elementor-heading-title{padding:0;margin:0;line-height:1}.elementor-widget-heading .elementor-heading-title[class*=elementor-size-]>a{color:inherit;font-size:inherit;line-height:inherit}.elementor-widget-heading .elementor-heading-title.elementor-size-small{font-size:15px}.elementor-widget-heading .elementor-heading-title.elementor-size-medium{font-size:19px}.elementor-widget-heading .elementor-heading-title.elementor-size-large{font-size:29px}.elementor-widget-heading .elementor-heading-title.elementor-size-xl{font-size:39px}.elementor-widget-heading .elementor-heading-title.elementor-size-xxl{font-size:59px}<\/style><h2 class=\"elementor-heading-title elementor-size-default\">BUILDING MANAGEMENT AND MAINTENANCE<\/h2>\t\t<\/div>\n\t\t\t\t<\/div>\n\t\t\t\t<div class=\"elementor-element elementor-element-d343769 elementor-widget elementor-widget-text-editor\" data-id=\"d343769\" data-element_type=\"widget\" data-widget_type=\"text-editor.default\">\n\t\t\t\t<div class=\"elementor-widget-container\">\n\t\t\t<style>\/*! elementor - v3.23.0 - 25-07-2024 *\/\n.elementor-widget-text-editor.elementor-drop-cap-view-stacked .elementor-drop-cap{background-color:#69727d;color:#fff}.elementor-widget-text-editor.elementor-drop-cap-view-framed .elementor-drop-cap{color:#69727d;border:3px solid;background-color:transparent}.elementor-widget-text-editor:not(.elementor-drop-cap-view-default) .elementor-drop-cap{margin-top:8px}.elementor-widget-text-editor:not(.elementor-drop-cap-view-default) .elementor-drop-cap-letter{width:1em;height:1em}.elementor-widget-text-editor .elementor-drop-cap{float:left;text-align:center;line-height:1;font-size:50px}.elementor-widget-text-editor .elementor-drop-cap-letter{display:inline-block}<\/style>\t\t\t\t<p>\u201cSpecialists\u00a0in\u00a0management\u00a0and\u00a0maintenance\u00a0of\u00a0buildings\u00a0in\u00a0Mozambique\u00a0where\u00a0we\u00a0guarantee\u00a0the\u00a0best\u00a0working\u00a0conditions\u00a0to\u00a0our\u00a0clients.<\/p>\t\t\t\t\t\t<\/div>\n\t\t\t\t<\/div>\n\t\t\t\t\t<\/div>\n\t\t\t\t<\/div>\n\t\t<div class=\"elementor-element elementor-element-2c56701 e-flex e-con-boxed e-con e-parent\" data-id=\"2c56701\" data-element_type=\"container\">\n\t\t\t\t\t<div class=\"e-con-inner\">\n\t\t<div class=\"elementor-element elementor-element-72c625f e-con-full e-flex e-con e-child\" data-id=\"72c625f\" data-element_type=\"container\">\n\t\t\t\t<div class=\"elementor-element elementor-element-565cbb6 elementor-widget elementor-widget-heading\" data-id=\"565cbb6\" data-element_type=\"widget\" data-widget_type=\"heading.default\">\n\t\t\t\t<div class=\"elementor-widget-container\">\n\t\t\t<h2 class=\"elementor-heading-title elementor-size-default\">WHO WE\nARE<\/h2>\t\t<\/div>\n\t\t\t\t<\/div>\n\t\t\t\t<\/div>\n\t\t<div class=\"elementor-element elementor-element-b5e7afd e-con-full e-flex e-con e-child\" data-id=\"b5e7afd\" data-element_type=\"container\">\n\t\t\t\t<div class=\"elementor-element elementor-element-13fef74 elementor-widget elementor-widget-text-editor\" data-id=\"13fef74\" data-element_type=\"widget\" data-widget_type=\"text-editor.default\">\n\t\t\t\t<div class=\"elementor-widget-container\">\n\t\t\t\t\t\t\t<p>BM \u2013 Building Maintenance is a Mozambican company that provides services in the area of \u200b\u200bglobal management and maintenance of buildings and their equipment. We emerged as a result of the need for this area of \u200b\u200bintervention and the growing demand from clients, who wish to extend the useful life of their properties through Management and Maintenance Contracts. Clients may contract one or more services, as well as integrated management and\/or maintenance with BM, enabling them to focus on their core business and thus optimize and reduce their costs.<\/p>\t\t\t\t\t\t<\/div>\n\t\t\t\t<\/div>\n\t\t\t\t<\/div>\n\t\t\t\t\t<\/div>\n\t\t\t\t<\/div>\n\t\t<div class=\"elementor-element elementor-element-5fca734 e-flex e-con-boxed e-con e-parent\" data-id=\"5fca734\" data-element_type=\"container\" data-settings=\"{&quot;background_background&quot;:&quot;classic&quot;}\">\n\t\t\t\t\t<div class=\"e-con-inner\">\n\t\t\t\t\t<\/div>\n\t\t\t\t<\/div>\n\t\t<div class=\"elementor-element elementor-element-bca3190 e-con-full e-flex e-con e-parent\" data-id=\"bca3190\" data-element_type=\"container\">\n\t\t<div class=\"elementor-element elementor-element-9637848 e-con-full e-flex e-con e-child\" data-id=\"9637848\" data-element_type=\"container\">\n\t\t\t\t<div class=\"elementor-element elementor-element-f0b780e elementor-widget elementor-widget-heading\" data-id=\"f0b780e\" data-element_type=\"widget\" data-widget_type=\"heading.default\">\n\t\t\t\t<div class=\"elementor-widget-container\">\n\t\t\t<h2 class=\"elementor-heading-title elementor-size-default\">Miss\u00e3o<\/h2>\t\t<\/div>\n\t\t\t\t<\/div>\n\t\t\t\t<div class=\"elementor-element elementor-element-3be2929 elementor-widget elementor-widget-text-editor\" data-id=\"3be2929\" data-element_type=\"widget\" data-widget_type=\"text-editor.default\">\n\t\t\t\t<div class=\"elementor-widget-container\">\n\t\t\t\t\t\t\t<p>Ensure\u00a0ideal\u00a0working\u00a0conditions\u00a0to\u00a0customers\u00a0through\u00a0the\u00a0best\u00a0quality\u00a0of\u00a0service\u00a0and\u00a0the\u00a0fastest\u00a0response.<\/p>\t\t\t\t\t\t<\/div>\n\t\t\t\t<\/div>\n\t\t\t\t<\/div>\n\t\t<div class=\"elementor-element elementor-element-8d69c94 e-con-full e-flex e-con e-child\" data-id=\"8d69c94\" data-element_type=\"container\">\n\t\t\t\t<div class=\"elementor-element elementor-element-27ffa68 elementor-widget elementor-widget-heading\" data-id=\"27ffa68\" data-element_type=\"widget\" data-widget_type=\"heading.default\">\n\t\t\t\t<div class=\"elementor-widget-container\">\n\t\t\t<h2 class=\"elementor-heading-title elementor-size-default\"><div><span style=\"font-style: inherit; letter-spacing: 1.6px; word-spacing: 1.6px;\">Valores<\/span><\/div><\/h2>\t\t<\/div>\n\t\t\t\t<\/div>\n\t\t\t\t<div class=\"elementor-element elementor-element-dd6e301 elementor-widget elementor-widget-text-editor\" data-id=\"dd6e301\" data-element_type=\"widget\" data-widget_type=\"text-editor.default\">\n\t\t\t\t<div class=\"elementor-widget-container\">\n\t\t\t\t\t\t\t<ul><li>\u00c9tica e Responsabilidade:<\/li><li>Team spirit;<\/li><li>Responsabilidade e Excel\u00eancia;<\/li><li>Commitment to the company's objectives.<\/li><\/ul>\t\t\t\t\t\t<\/div>\n\t\t\t\t<\/div>\n\t\t\t\t<\/div>\n\t\t\t\t<\/div>\n\t\t\t\t<\/div>","protected":false},"excerpt":{"rendered":"<p>GEST\u00c3O E MANUTEN\u00c7\u00c3O DE EDIF\u00cdCIOS \u201cEspecialistas\u00a0em\u00a0gest\u00e3o\u00a0e\u00a0manuten\u00e7\u00e3o\u00a0de\u00a0edif\u00edcios\u00a0em\u00a0Mo\u00e7ambique\u00a0onde\u00a0garantimos\u00a0as\u00a0melhores\u00a0condi\u00e7\u00f5es\u00a0de\u00a0trabalho\u00a0aos\u00a0nossos\u00a0clientes. QUEM SOMOS A BM \u2013 Building Maintenance \u00e9 uma empresa mo\u00e7ambicana que presta servi\u00e7os [&hellip;]<\/p>","protected":false},"author":1,"featured_media":0,"parent":0,"menu_order":0,"comment_status":"closed","ping_status":"closed","template":"","meta":{"_uag_custom_page_level_css":"","site-sidebar-layout":"no-sidebar","site-content-layout":"","ast-site-content-layout":"normal-width-container","site-content-style":"default","site-sidebar-style":"default","ast-global-header-display":"","ast-banner-title-visibility":"","ast-main-header-display":"","ast-hfb-above-header-display":"","ast-hfb-below-header-display":"","ast-hfb-mobile-header-display":"","site-post-title":"disabled","ast-breadcrumbs-content":"","ast-featured-img":"","footer-sml-layout":"","theme-transparent-header-meta":"","adv-header-id-meta":"","stick-header-meta":"","header-above-stick-meta":"","header-main-stick-meta":"","header-below-stick-meta":"","astra-migrate-meta-layouts":"default","ast-page-background-enabled":"default","ast-page-background-meta":{"desktop":{"background-color":"var(--ast-global-color-4)","background-image":"","background-repeat":"repeat","background-position":"center center","background-size":"auto","background-attachment":"scroll","background-type":"","background-media":"","overlay-type":"","overlay-color":"","overlay-opacity":"","overlay-gradient":""},"tablet":{"background-color":"","background-image":"","background-repeat":"repeat","background-position":"center center","background-size":"auto","background-attachment":"scroll","background-type":"","background-media":"","overlay-type":"","overlay-color":"","overlay-opacity":"","overlay-gradient":""},"mobile":{"background-color":"","background-image":"","background-repeat":"repeat","background-position":"center center","background-size":"auto","background-attachment":"scroll","background-type":"","background-media":"","overlay-type":"","overlay-color":"","overlay-opacity":"","overlay-gradient":""}},"ast-content-background-meta":{"desktop":{"background-color":"var(--ast-global-color-5)","background-image":"","background-repeat":"repeat","background-position":"center center","background-size":"auto","background-attachment":"scroll","background-type":"","background-media":"","overlay-type":"","overlay-color":"","overlay-opacity":"","overlay-gradient":""},"tablet":{"background-color":"var(--ast-global-color-5)","background-image":"","background-repeat":"repeat","background-position":"center center","background-size":"auto","background-attachment":"scroll","background-type":"","background-media":"","overlay-type":"","overlay-color":"","overlay-opacity":"","overlay-gradient":""},"mobile":{"background-color":"var(--ast-global-color-5)","background-image":"","background-repeat":"repeat","background-position":"center center","background-size":"auto","background-attachment":"scroll","background-type":"","background-media":"","overlay-type":"","overlay-color":"","overlay-opacity":"","overlay-gradient":""}},"footnotes":""},"class_list":["post-1010","page","type-page","status-publish","hentry"],"uagb_featured_image_src":{"full":false,"thumbnail":false,"medium":false,"medium_large":false,"large":false,"1536x1536":false,"2048x2048":false,"trp-custom-language-flag":false},"uagb_author_info":{"display_name":"claude.champier","author_link":"https:\/\/buildingmaintenance.co.mz\/en\/author\/claude-champier\/"},"uagb_comment_info":0,"uagb_excerpt":"GEST\u00c3O E MANUTEN\u00c7\u00c3O DE EDIF\u00cdCIOS \u201cEspecialistas\u00a0em\u00a0gest\u00e3o\u00a0e\u00a0manuten\u00e7\u00e3o\u00a0de\u00a0edif\u00edcios\u00a0em\u00a0Mo\u00e7ambique\u00a0onde\u00a0garantimos\u00a0as\u00a0melhores\u00a0condi\u00e7\u00f5es\u00a0de\u00a0trabalho\u00a0aos\u00a0nossos\u00a0clientes. QUEM SOMOS A BM \u2013 Building Maintenance \u00e9 uma empresa mo\u00e7ambicana que presta servi\u00e7os [&hellip;]","_links":{"self":[{"href":"https:\/\/buildingmaintenance.co.mz\/en\/wp-json\/wp\/v2\/pages\/1010","targetHints":{"allow":["GET"]}}],"collection":[{"href":"https:\/\/buildingmaintenance.co.mz\/en\/wp-json\/wp\/v2\/pages"}],"about":[{"href":"https:\/\/buildingmaintenance.co.mz\/en\/wp-json\/wp\/v2\/types\/page"}],"author":[{"embeddable":true,"href":"https:\/\/buildingmaintenance.co.mz\/en\/wp-json\/wp\/v2\/users\/1"}],"replies":[{"embeddable":true,"href":"https:\/\/buildingmaintenance.co.mz\/en\/wp-json\/wp\/v2\/comments?post=1010"}],"version-history":[{"count":66,"href":"https:\/\/buildingmaintenance.co.mz\/en\/wp-json\/wp\/v2\/pages\/1010\/revisions"}],"predecessor-version":[{"id":1698,"href":"https:\/\/buildingmaintenance.co.mz\/en\/wp-json\/wp\/v2\/pages\/1010\/revisions\/1698"}],"wp:attachment":[{"href":"https:\/\/buildingmaintenance.co.mz\/en\/wp-json\/wp\/v2\/media?parent=1010"}],"curies":[{"name":"wp","href":"https:\/\/api.w.org\/{rel}","templated":true}]}}